{"id":25,"date":"2021-01-01T00:00:00","date_gmt":"2020-12-31T23:00:00","guid":{"rendered":"http:\/\/obwodnicamilicza.pl\/?page_id=25"},"modified":"2024-10-03T20:02:02","modified_gmt":"2024-10-03T18:02:02","slug":"a4s5","status":"publish","type":"page","link":"http:\/\/obwodnicaszczytna.pl\/","title":{"rendered":"Budowa obwodnicy Szczytna w ci\u0105gu dr\u00f3g krajowych nr 53, 57 i 58"},"content":{"rendered":"\n<section id=\"gme98cddb\" class=\"wp-block-gutentor-m4 section-gme98cddb gutentor-module gutentor-advanced-columns gutentor-equal-column-height\"><div class=\"grid-container\"><div class=\"grid-row\">\n<div id=\"col-gm757a62\" class=\"wp-block-gutentor-m4-col col-gm757a62 gutentor-single-column  grid-lg-2 grid-md-12 grid-12\"><div id=\"section-gm757a62\" class=\"section-gm757a62 gutentor-col-wrap\">\n<div id=\"section-g0c9734\" class=\"wp-block-gutentor-e1 section-g0c9734 gutentor-element gutentor-element-advanced-text text-align-center-desktop\"><div class=\"gutentor-text-wrap\"><p class=\"gutentor-text\"> Aktualno\u015bci<\/p><\/div><\/div>\n\n\n<section class=\"gutentor-section gutentor-blog-post-wrapper blog-template1 wp-block-gutentor-blog-post\" id=\"section-61df5c64-56f9-40c4-bc9c-c672d52405de\">\n<div class='grid-container'><div class=\"gutentor-block-header\"><\/div><div class='gutentor-grid-item-wrap '><div class='grid-row  gutentor-rm-row-space-d gutentor-rm-row-space-t gutentor-rm-row-space '><article class='gutentor-post-no-thumb  grid-lg-12 grid-md-4 grid-12  gutentor-rm-col-space-d blog-grid'><div class=\"gutentor-single-item\"><div class=\"gutentor-post-content\"><h3 class=\"gutentor-single-item-title\"><a href=\"http:\/\/obwodnicaszczytna.pl\/index.php\/2024\/06\/10\/zlozenie-wniosku-o-dsu\/\" rel=\"bookmark\">Z\u0142o\u017cenie wniosku o D\u015aU<\/a><\/h3><div class=\"entry-meta\"><div class=\"posted-on\"><i class=\"far fa-calendar-alt\"><\/i><a href=\"http:\/\/obwodnicaszczytna.pl\/index.php\/2024\/06\/10\/zlozenie-wniosku-o-dsu\/\" rel=\"bookmark\">poniedzia\u0142ek, 10\/06\/2024r.<\/a><\/div><\/div><a class=\"gutentor-button gutentor-single-item-button gutentor-icon-hide\" href=\"http:\/\/obwodnicaszczytna.pl\/index.php\/2024\/06\/10\/zlozenie-wniosku-o-dsu\/\"><i class=\"gutentor-button-icon fa fa-angle-double-right\"><\/i><span><\/span><\/a><\/div><\/div><\/article><article class='gutentor-post-no-thumb  grid-lg-12 grid-md-4 grid-12  gutentor-rm-col-space-d blog-grid'><div class=\"gutentor-single-item\"><div class=\"gutentor-post-content\"><h3 class=\"gutentor-single-item-title\"><a href=\"http:\/\/obwodnicaszczytna.pl\/index.php\/2022\/05\/07\/ii-spotkanie-informacyjne\/\" rel=\"bookmark\">II Spotkanie informacyjne<\/a><\/h3><div class=\"entry-meta\"><div class=\"posted-on\"><i class=\"far fa-calendar-alt\"><\/i><a href=\"http:\/\/obwodnicaszczytna.pl\/index.php\/2022\/05\/07\/ii-spotkanie-informacyjne\/\" rel=\"bookmark\">sobota, 07\/05\/2022r.<\/a><\/div><\/div><a class=\"gutentor-button gutentor-single-item-button gutentor-icon-hide\" href=\"http:\/\/obwodnicaszczytna.pl\/index.php\/2022\/05\/07\/ii-spotkanie-informacyjne\/\"><i class=\"gutentor-button-icon fa fa-angle-double-right\"><\/i><span><\/span><\/a><\/div><\/div><\/article><article class='gutentor-post-no-thumb  grid-lg-12 grid-md-4 grid-12  gutentor-rm-col-space-d blog-grid'><div class=\"gutentor-single-item\"><div class=\"gutentor-post-content\"><h3 class=\"gutentor-single-item-title\"><a href=\"http:\/\/obwodnicaszczytna.pl\/index.php\/2022\/03\/23\/materialy-po-spotkaniu-z-mieszkancami\/\" rel=\"bookmark\">Materia\u0142y po spotkaniu informacyjnym<\/a><\/h3><div class=\"entry-meta\"><div class=\"posted-on\"><i class=\"far fa-calendar-alt\"><\/i><a href=\"http:\/\/obwodnicaszczytna.pl\/index.php\/2022\/03\/23\/materialy-po-spotkaniu-z-mieszkancami\/\" rel=\"bookmark\">\u015broda, 23\/03\/2022r.<\/a><\/div><\/div><a class=\"gutentor-button gutentor-single-item-button gutentor-icon-hide\" href=\"http:\/\/obwodnicaszczytna.pl\/index.php\/2022\/03\/23\/materialy-po-spotkaniu-z-mieszkancami\/\"><i class=\"gutentor-button-icon fa fa-angle-double-right\"><\/i><span><\/span><\/a><\/div><\/div><\/article><article class='gutentor-post-no-thumb  grid-lg-12 grid-md-4 grid-12  gutentor-rm-col-space-d blog-grid'><div class=\"gutentor-single-item\"><div class=\"gutentor-post-content\"><h3 class=\"gutentor-single-item-title\"><a href=\"http:\/\/obwodnicaszczytna.pl\/index.php\/2022\/02\/02\/spotkanie-informacyjne\/\" rel=\"bookmark\">Spotkanie informacyjne<\/a><\/h3><div class=\"entry-meta\"><div class=\"posted-on\"><i class=\"far fa-calendar-alt\"><\/i><a href=\"http:\/\/obwodnicaszczytna.pl\/index.php\/2022\/02\/02\/spotkanie-informacyjne\/\" rel=\"bookmark\">\u015broda, 02\/02\/2022r.<\/a><\/div><\/div><a class=\"gutentor-button gutentor-single-item-button gutentor-icon-hide\" href=\"http:\/\/obwodnicaszczytna.pl\/index.php\/2022\/02\/02\/spotkanie-informacyjne\/\"><i class=\"gutentor-button-icon fa fa-angle-double-right\"><\/i><span><\/span><\/a><\/div><\/div><\/article><article class='gutentor-post-no-thumb  grid-lg-12 grid-md-4 grid-12  gutentor-rm-col-space-d blog-grid'><div class=\"gutentor-single-item\"><div class=\"gutentor-post-content\"><h3 class=\"gutentor-single-item-title\"><a href=\"http:\/\/obwodnicaszczytna.pl\/index.php\/2021\/09\/10\/podpisanie-umowy\/\" rel=\"bookmark\">Podpisanie umowy<\/a><\/h3><div class=\"entry-meta\"><div class=\"posted-on\"><i class=\"far fa-calendar-alt\"><\/i><a href=\"http:\/\/obwodnicaszczytna.pl\/index.php\/2021\/09\/10\/podpisanie-umowy\/\" rel=\"bookmark\">pi\u0105tek, 10\/09\/2021r.<\/a><\/div><\/div><a class=\"gutentor-button gutentor-single-item-button gutentor-icon-hide\" href=\"http:\/\/obwodnicaszczytna.pl\/index.php\/2021\/09\/10\/podpisanie-umowy\/\"><i class=\"gutentor-button-icon fa fa-angle-double-right\"><\/i><span><\/span><\/a><\/div><\/div><\/article><\/div><\/div><\/div><\/section><\/div><\/div>\n\n\n\n<div id=\"col-gm052148\" class=\"wp-block-gutentor-m4-col col-gm052148 gutentor-single-column  grid-lg-10 grid-md-12 grid-12\"><div id=\"section-gm052148\" class=\"section-gm052148 gutentor-col-wrap\">\n<div id=\"section-ge4f5bf\" class=\"wp-block-gutentor-e1 section-ge4f5bf gutentor-element gutentor-element-advanced-text text-align-center-desktop\"><div class=\"gutentor-text-wrap\"><h3 class=\"gutentor-text\"><strong><span style=\"color:#f88c00\" class=\"has-inline-color\">\/<\/span>NAZWA KONTRAKTU<\/strong><\/h3><\/div><\/div>\n\n\n\n<p class=\"has-text-align-left has-normal-font-size\"><img decoding=\"async\" class=\"wp-image-3281\" style=\"width: 81px\" src=\"https:\/\/a4-s5-stesr.pl\/wp-content\/uploads\/2021\/08\/quote_up.png\" alt=\"\"><\/p>\n\n\n\n<div id=\"section-g7948d4\" class=\"wp-block-gutentor-e1 section-g7948d4 gutentor-element gutentor-element-advanced-text text-align-center-desktop\"><div class=\"gutentor-text-wrap\"><p class=\"gutentor-text\"><strong><span class=\"has-inline-color has-black-color\">Opracowanie Studium Techniczno-Ekonomiczno-\u015arodowiskowego z elementami Koncepcji Programowej oraz materia\u0142ami do decyzji o \u015brodowiskowych uwarunkowaniach dla przedsi\u0119wzi\u0119cia pod nazw\u0105 &#8222;Budowa obwodnicy Szczytna w ci\u0105gu dr\u00f3g krajowych nr 53, 57 i 58&#8221;<\/span>.<\/strong><\/p><\/div><\/div>\n\n\n\n<p class=\"has-text-align-right has-drop-cap has-normal-font-size\"><img decoding=\"async\" class=\"wp-image-3280\" style=\"width: 81px\" src=\"https:\/\/a4-s5-stesr.pl\/wp-content\/uploads\/2021\/08\/quote_down.png\" alt=\"\"><\/p>\n\n\n\n<div id=\"section-gb78f33\" class=\"wp-block-gutentor-e1 section-gb78f33 gutentor-element gutentor-element-advanced-text\"><div class=\"gutentor-text-wrap\"><p class=\"gutentor-text\">Celem inwestycji jest budowa obwodnicy Szczytna w ci\u0105gu dr\u00f3g krajowych nr 53, 57 i 58, kt\u00f3ra pozwoli na popraw\u0119 przepustowo\u015bci uk\u0142adu komunikacyjnego oraz u\u0142atwi dojazd do lotniska w Szymanach.<br><br>Obwodnica pozwoli na wyeliminowanie ruchu tranzytowego ze Szczytna poprzez zmian\u0119 przebiegu wszystkich dr\u00f3g krajowych, przebiegaj\u0105cych obecnie przez centrum miasta, a tym samym wp\u0142ynie na popraw\u0119 warunk\u00f3w ruchu, bezpiecze\u0144stwa u\u017cytkownik\u00f3w dr\u00f3g oraz jego mieszka\u0144c\u00f3w.<br><br>Lokalizacja inwestycji:<br>\u2022 wojew\u00f3dztwo: warmi\u0144sko-mazurskie<br>\u2022 powiaty: szczycie\u0144ski<br>\u2022 gminy: gmina miejska Szczytno, gmina wiejska Szczytno<br>\u2022 numer drogi: 53, 57, 58<br><br>Umowa na prace przygotowawcze zosta\u0142a zawarta z firm\u0105&nbsp;<a href=\"https:\/\/www.ivia.pl\/\">IVIA S.A.<\/a>&nbsp;z Katowic. Proces przygotowawczy przewidziany jest na lata 2021-2026. Obejmuje on opracowanie dokumentacji projektowej w zakresie: studium techniczno-ekonomiczno-\u015brodowiskowego z materia\u0142ami do uzyskania decyzji o \u015brodowiskowych uwarunkowaniach zgody na realizacj\u0119 przedsi\u0119wzi\u0119cia, wykonanie koncepcji szczeg\u00f3\u0142owych rozwi\u0105za\u0144 technicznych dla wariantu inwestycyjnego, wykonanie bada\u0144 pod\u0142o\u017ca gruntowego.<br>Realizacja inwestycji planowana jest na lata 2029 \u2013 2031.<br><\/p><\/div><\/div>\n<\/div><\/div>\n<\/div><\/div><\/section>\n\n\n\n<section id=\"gm78fb72c\" class=\"wp-block-gutentor-m4 section-gm78fb72c gutentor-module gutentor-advanced-columns gutentor-equal-column-height gutentor-enable-sticky-column\" data-top=\"500\" data-bottom=\"500\"><div class=\"grid-container\"><div class=\"grid-row\">\n<div id=\"col-gmdb99d2\" class=\"wp-block-gutentor-m4-col col-gmdb99d2 gutentor-single-column  grid-lg-12 grid-md-12 grid-12\"><div id=\"section-gmdb99d2\" class=\"section-gmdb99d2 gutentor-col-wrap\"><div id=\"tablepress-1-scroll-wrapper\" class=\"tablepress-scroll-wrapper\">\n\n<table id=\"tablepress-1\" class=\"tablepress tablepress-id-1 tablepress-responsive\">\n<tbody>\n<tr class=\"row-1\">\n\t<td class=\"column-1\"><img loading=\"lazy\" decoding=\"async\" src=\"http:\/\/obwodnicaszczytna.pl\/wp-content\/uploads\/2021\/09\/Gddkia_Olsztyn.png\" alt=\"\" width=\"250\" height=\"58\" class=\"alignnone size-medium wp-image-1031\" \/><\/td><td class=\"column-2\"><img loading=\"lazy\" decoding=\"async\" src=\"http:\/\/obwodnicaszczytna.pl\/wp-content\/uploads\/2021\/09\/logo-ivia-scaled.jpg\" alt=\"\" width=\"200\" height=\"132\" class=\"alignnone size-medium wp-image-1034\" \/><\/td>\n<\/tr>\n<tr class=\"row-2\">\n\t<td class=\"column-1\"><strong><or style=\"color:#f88c00\">\/<\/or>ZAMAWIAJ\u0104CY<\/strong><\/td><td class=\"column-2\"><strong><or style=\"color:#f88c00\">\/<\/or>WYKONAWCA<\/strong><\/td>\n<\/tr>\n<tr class=\"row-3\">\n\t<td class=\"column-1\">Generalny Dyrektor Dr\u00f3g<br \/>\nKrajowych i Autostrad<br \/>\nOddzia\u0142 w Olsztynie<\/td><td class=\"column-2\">IVIA Sp. z o.o.<\/td>\n<\/tr>\n<tr class=\"row-4\">\n\t<td class=\"column-1\"><a style=\"color:#f88c00\" href=\"http:\/\/www.gddkia.gov.pl\" rel=\"noopener\" target=\"_blank\">gddkia.gov.pl<\/a><\/td><td class=\"column-2\"><a style=\"color:#f88c00\" href=\"http:\/\/www.ivia.pl\" rel=\"noopener\" target=\"_blank\">ivia.pl<\/a><\/td>\n<\/tr>\n<\/tbody>\n<\/table>\n\n<\/div><!-- #tablepress-1 from cache -->\n<\/div><\/div>\n<\/div><\/div><\/section>\n","protected":false},"excerpt":{"rendered":"","protected":false},"author":1,"featured_media":0,"parent":0,"menu_order":0,"comment_status":"closed","ping_status":"closed","template":"template-gutentor-full-width.php","meta":{"footnotes":""},"class_list":["post-25","page","type-page","status-publish","hentry"],"_links":{"self":[{"href":"http:\/\/obwodnicaszczytna.pl\/index.php\/wp-json\/wp\/v2\/pages\/25","targetHints":{"allow":["GET"]}}],"collection":[{"href":"http:\/\/obwodnicaszczytna.pl\/index.php\/wp-json\/wp\/v2\/pages"}],"about":[{"href":"http:\/\/obwodnicaszczytna.pl\/index.php\/wp-json\/wp\/v2\/types\/page"}],"author":[{"embeddable":true,"href":"http:\/\/obwodnicaszczytna.pl\/index.php\/wp-json\/wp\/v2\/users\/1"}],"replies":[{"embeddable":true,"href":"http:\/\/obwodnicaszczytna.pl\/index.php\/wp-json\/wp\/v2\/comments?post=25"}],"version-history":[{"count":11,"href":"http:\/\/obwodnicaszczytna.pl\/index.php\/wp-json\/wp\/v2\/pages\/25\/revisions"}],"predecessor-version":[{"id":2451,"href":"http:\/\/obwodnicaszczytna.pl\/index.php\/wp-json\/wp\/v2\/pages\/25\/revisions\/2451"}],"wp:attachment":[{"href":"http:\/\/obwodnicaszczytna.pl\/index.php\/wp-json\/wp\/v2\/media?parent=25"}],"curies":[{"name":"wp","href":"https:\/\/api.w.org\/{rel}","templated":true}]}}