{"id":2241,"date":"2021-09-10T16:29:12","date_gmt":"2021-09-10T14:29:12","guid":{"rendered":"http:\/\/obwodnicaszczytna.pl\/?page_id=2241"},"modified":"2024-10-03T20:02:17","modified_gmt":"2024-10-03T18:02:17","slug":"opis-zadania-wraz-z-jego-glownymi-celami","status":"publish","type":"page","link":"http:\/\/obwodnicaszczytna.pl\/index.php\/opis-zadania-wraz-z-jego-glownymi-celami\/","title":{"rendered":"Opis zadania wraz z jego g\u0142\u00f3wnymi celami"},"content":{"rendered":"\n<div id=\"section-g593d5c\" class=\"wp-block-gutentor-e1 section-g593d5c gutentor-element gutentor-element-advanced-text\"><div class=\"gutentor-text-wrap\"><p class=\"gutentor-text\">Celem inwestycji jest budowa obwodnicy Szczytna w ci\u0105gu dr\u00f3g krajowych nr 53,57 i 58, kt\u00f3ra pozwoli na popraw\u0119 przepustowo\u015bci uk\u0142adu komunikacyjnego oraz u\u0142atwi dojazd do lotniska w Szymanach.<br>Obwodnica pozwoli na wyeliminowanie ruchu tranzytowego ze Szczytna poprzez zmian\u0119 przebiegu wszystkich dr\u00f3g krajowych, przebiegaj\u0105cych obecnie przez centrum miasta, a tym samym wp\u0142ynie na popraw\u0119 warunk\u00f3w ruchu, bezpiecze\u0144stwa u\u017cytkownik\u00f3w dr\u00f3g oraz jego mieszka\u0144c\u00f3w.<br><br>Lokalizacja inwestycji:<br>\u2022 wojew\u00f3dztwo: warmi\u0144sko-mazurskie<br>\u2022 powiaty: szczycie\u0144ski<br>\u2022 gminy: gmina miejska Szczytno, gmina wiejska Szczytno<br>\u2022 numer drogi: 53,57,58<br><br>Umowa na prace przygotowawcze zosta\u0142a zawarta z firm\u0105\u00a0IVIA S.A.\u00a0z Katowic. Proces przygotowawczy przewidziany jest na lata 2021-2026. Obejmuje on opracowanie dokumentacji projektowej w zakresie: studium techniczno-ekonomiczno-\u015brodowiskowego z materia\u0142ami do uzyskania decyzji o \u015brodowiskowych uwarunkowaniach zgody na realizacj\u0119 przedsi\u0119wzi\u0119cia, wykonanie koncepcji szczeg\u00f3\u0142owych rozwi\u0105za\u0144 technicznych dla wariantu inwestycyjnego, wykonanie bada\u0144 pod\u0142o\u017ca gruntowego.<br>Realizacja inwestycji planowana jest na lata 2029 \u2013 2031.<\/p><\/div><\/div>\n","protected":false},"excerpt":{"rendered":"","protected":false},"author":1,"featured_media":0,"parent":0,"menu_order":0,"comment_status":"closed","ping_status":"closed","template":"","meta":{"footnotes":""},"class_list":["post-2241","page","type-page","status-publish","hentry"],"_links":{"self":[{"href":"http:\/\/obwodnicaszczytna.pl\/index.php\/wp-json\/wp\/v2\/pages\/2241","targetHints":{"allow":["GET"]}}],"collection":[{"href":"http:\/\/obwodnicaszczytna.pl\/index.php\/wp-json\/wp\/v2\/pages"}],"about":[{"href":"http:\/\/obwodnicaszczytna.pl\/index.php\/wp-json\/wp\/v2\/types\/page"}],"author":[{"embeddable":true,"href":"http:\/\/obwodnicaszczytna.pl\/index.php\/wp-json\/wp\/v2\/users\/1"}],"replies":[{"embeddable":true,"href":"http:\/\/obwodnicaszczytna.pl\/index.php\/wp-json\/wp\/v2\/comments?post=2241"}],"version-history":[{"count":3,"href":"http:\/\/obwodnicaszczytna.pl\/index.php\/wp-json\/wp\/v2\/pages\/2241\/revisions"}],"predecessor-version":[{"id":2452,"href":"http:\/\/obwodnicaszczytna.pl\/index.php\/wp-json\/wp\/v2\/pages\/2241\/revisions\/2452"}],"wp:attachment":[{"href":"http:\/\/obwodnicaszczytna.pl\/index.php\/wp-json\/wp\/v2\/media?parent=2241"}],"curies":[{"name":"wp","href":"https:\/\/api.w.org\/{rel}","templated":true}]}}