{"id":1030,"date":"2021-01-01T00:00:00","date_gmt":"2020-12-31T23:00:00","guid":{"rendered":"http:\/\/dk28limanowa.pl\/?page_id=1030"},"modified":"2025-02-10T20:17:06","modified_gmt":"2025-02-10T19:17:06","slug":"kontakt","status":"publish","type":"page","link":"http:\/\/obwodnicaszczytna.pl\/index.php\/kontakt\/","title":{"rendered":"Kontakt"},"content":{"rendered":"\n<section id=\"gmad0307e\" class=\"wp-block-gutentor-m4 section-gmad0307e gutentor-module gutentor-advanced-columns\"><div class=\"grid-container\"><div class=\"grid-row\">\n<div id=\"col-gm689430\" class=\"wp-block-gutentor-m4-col col-gm689430 gutentor-single-column  grid-lg-2 grid-md-12 grid-12\"><div id=\"section-gm689430\" class=\"section-gm689430 gutentor-col-wrap\">\n<p class=\"has-large-font-size\"><mark class=\"has-inline-color has-black-color\">Inwestor<\/mark><\/p>\n<\/div><\/div>\n\n\n\n<div id=\"col-gm2ac5c4\" class=\"wp-block-gutentor-m4-col col-gm2ac5c4 gutentor-single-column  grid-lg-10 grid-md-12 grid-12\"><div id=\"section-gm2ac5c4\" class=\"section-gm2ac5c4 gutentor-col-wrap\"><\/div><\/div>\n<\/div><\/div><\/section>\n\n\n\n<section id=\"gmb8895f2\" class=\"wp-block-gutentor-m4 section-gmb8895f2 gutentor-module gutentor-advanced-columns\"><div class=\"grid-container\"><div class=\"grid-row\">\n<div id=\"col-gm0f31b9\" class=\"wp-block-gutentor-m4-col col-gm0f31b9 gutentor-single-column  grid-lg-6 grid-md-12 grid-12\"><div id=\"section-gm0f31b9\" class=\"section-gm0f31b9 gutentor-col-wrap\">\n<h2 class=\"wp-block-heading\"><img loading=\"lazy\" decoding=\"async\" width=\"447\" height=\"197\" class=\"wp-image-2359\" style=\"width: 300px\" src=\"http:\/\/obwodnicaszczytna.pl\/wp-content\/uploads\/2022\/02\/GDDKiA_znak_1_3_CMYK.png\" alt=\"\" srcset=\"http:\/\/obwodnicaszczytna.pl\/wp-content\/uploads\/2022\/02\/GDDKiA_znak_1_3_CMYK.png 447w, http:\/\/obwodnicaszczytna.pl\/wp-content\/uploads\/2022\/02\/GDDKiA_znak_1_3_CMYK-300x132.png 300w\" sizes=\"auto, (max-width: 447px) 100vw, 447px\" \/><\/h2>\n<\/div><\/div>\n\n\n\n<div id=\"col-gm6c8704\" class=\"wp-block-gutentor-m4-col col-gm6c8704 gutentor-single-column  grid-lg-6 grid-md-12 grid-12\"><div id=\"section-gm6c8704\" class=\"section-gm6c8704 gutentor-col-wrap\">\n<div id=\"section-g934c30\" class=\"wp-block-gutentor-e1 section-g934c30 gutentor-element gutentor-element-advanced-text\"><div class=\"gutentor-text-wrap\"><p class=\"gutentor-text\">Skarb Pa\u0144stwa<br>Generalny Dyrektor Dr\u00f3g Krajowych i Autostrad<\/p><\/div><\/div>\n\n\n\n<div id=\"section-gd2fc93\" class=\"wp-block-gutentor-e1 section-gd2fc93 gutentor-element gutentor-element-advanced-text\"><div class=\"gutentor-text-wrap\"><p class=\"gutentor-text\">ul. Wronia 53<br>00-874 Warszawa<br>strona internetowa: <a rel=\"noreferrer noopener\" href=\"https:\/\/www.gddkia.gov.pl\/\" target=\"_blank\"><mark style=\"color:#ef7900\" class=\"has-inline-color\">gddkia.gov.pl <\/mark><\/a><\/p><\/div><\/div>\n<\/div><\/div>\n<\/div><\/div><\/section>\n\n\n\n<section id=\"gm1a7e7b8\" class=\"wp-block-gutentor-m4 section-gm1a7e7b8 gutentor-module gutentor-advanced-columns\"><div class=\"grid-container\"><div class=\"grid-row\">\n<div id=\"col-gm55f7dd\" class=\"wp-block-gutentor-m4-col col-gm55f7dd gutentor-single-column  grid-lg-6 grid-md-12 grid-12\"><div id=\"section-gm55f7dd\" class=\"section-gm55f7dd gutentor-col-wrap\">\n<h2 class=\"wp-block-heading\"><img loading=\"lazy\" decoding=\"async\" width=\"434\" height=\"222\" class=\"wp-image-2197\" style=\"width: 300px\" src=\"http:\/\/obwodnicaszczytna.pl\/wp-content\/uploads\/2021\/09\/Gddkia_Olsztyn.png\" alt=\"\" srcset=\"http:\/\/obwodnicaszczytna.pl\/wp-content\/uploads\/2021\/09\/Gddkia_Olsztyn.png 434w, http:\/\/obwodnicaszczytna.pl\/wp-content\/uploads\/2021\/09\/Gddkia_Olsztyn-300x153.png 300w\" sizes=\"auto, (max-width: 434px) 100vw, 434px\" \/><\/h2>\n<\/div><\/div>\n\n\n\n<div id=\"col-gmc61616\" class=\"wp-block-gutentor-m4-col col-gmc61616 gutentor-single-column  grid-lg-6 grid-md-12 grid-12\"><div id=\"section-gmc61616\" class=\"section-gmc61616 gutentor-col-wrap\">\n<div id=\"section-g701a0d\" class=\"wp-block-gutentor-e1 section-g701a0d gutentor-element gutentor-element-advanced-text\"><div class=\"gutentor-text-wrap\"><p class=\"gutentor-text\">Skarb Pa\u0144stwa<br>Generalny Dyrektor Dr\u00f3g Krajowych i Autostrad<br>Oddzia\u0142 w Olsztynie<\/p><\/div><\/div>\n\n\n\n<div id=\"section-g20d469\" class=\"wp-block-gutentor-e1 section-g20d469 gutentor-element gutentor-element-advanced-text\"><div class=\"gutentor-text-wrap\"><p class=\"gutentor-text\">al. Warszawska 89<br>10-083 Olsztyn<br>strona internetowa: <a href=\"https:\/\/www.gov.pl\/web\/gddkia-olsztyn\" data-type=\"URL\" data-id=\"https:\/\/www.gov.pl\/web\/gddkia-olsztyn\" target=\"_blank\" rel=\"noreferrer noopener\"><span style=\"color:#ef7900\" class=\"has-inline-color\">gddkia.gov.pl <\/span><\/a><\/p><\/div><\/div>\n<\/div><\/div>\n<\/div><\/div><\/section>\n\n\n\n<section id=\"gm3f38c41\" class=\"wp-block-gutentor-m4 section-gm3f38c41 gutentor-module gutentor-advanced-columns\"><div class=\"grid-container\"><div class=\"grid-row\">\n<div id=\"col-gmef98f7\" class=\"wp-block-gutentor-m4-col col-gmef98f7 gutentor-single-column  grid-lg-2 grid-md-12 grid-12\"><div id=\"section-gmef98f7\" class=\"section-gmef98f7 gutentor-col-wrap\">\n<div id=\"section-g0f1cb7\" class=\"wp-block-gutentor-e1 section-g0f1cb7 gutentor-element gutentor-element-advanced-text\"><div class=\"gutentor-text-wrap\"><p class=\"gutentor-text\">Kontakt dla medi\u00f3w<\/p><\/div><\/div>\n<\/div><\/div>\n\n\n\n<div id=\"col-gm30e8bb\" class=\"wp-block-gutentor-m4-col col-gm30e8bb gutentor-single-column  grid-lg-10 grid-md-12 grid-12\"><div id=\"section-gm30e8bb\" class=\"section-gm30e8bb gutentor-col-wrap\"><\/div><\/div>\n<\/div><\/div><\/section>\n\n\n\n<section id=\"gmc3b4633\" class=\"wp-block-gutentor-m4 section-gmc3b4633 gutentor-module gutentor-advanced-columns\"><div class=\"grid-container\"><div class=\"grid-row\">\n<div id=\"col-gm442f32\" class=\"wp-block-gutentor-m4-col col-gm442f32 gutentor-single-column  grid-lg-6 grid-md-12 grid-12\"><div id=\"section-gm442f32\" class=\"section-gm442f32 gutentor-col-wrap\">\n<div id=\"section-g48192b\" class=\"wp-block-gutentor-e1 section-g48192b gutentor-element gutentor-element-advanced-text\"><div class=\"gutentor-text-wrap\"><p class=\"gutentor-text\"><strong>Katarzyna Koz\u0142owska<\/strong><br><strong>Stanowisko ds. komunikacji spo\u0142ecznej<br>tel. kom.: +48 664 094 659<br>tel.: +48 89 521 28 14<br>e-mail: <a href=\"mailto:kglebocki@gddkia.gov.pl\" data-type=\"mailto\" data-id=\"mailto:kglebocki@gddkia.gov.pl\" target=\"_blank\" rel=\"noreferrer noopener\"><span style=\"color:#ef7900\" class=\"has-inline-color\">kkozlowska@gddkia.gov.pl<\/span><\/a><\/strong><\/p><\/div><\/div>\n\n\n\n<p><\/p>\n<\/div><\/div>\n\n\n\n<div id=\"col-gme117d6\" class=\"wp-block-gutentor-m4-col col-gme117d6 gutentor-single-column  grid-lg-6 grid-md-12 grid-12\"><div id=\"section-gme117d6\" class=\"section-gme117d6 gutentor-col-wrap\"><\/div><\/div>\n<\/div><\/div><\/section>\n\n\n\n<section id=\"gmf95acba\" class=\"wp-block-gutentor-m4 section-gmf95acba gutentor-module gutentor-advanced-columns\"><div class=\"grid-container\"><div class=\"grid-row\">\n<div id=\"col-gm023e01\" class=\"wp-block-gutentor-m4-col col-gm023e01 gutentor-single-column  grid-lg-2 grid-md-12 grid-12\"><div id=\"section-gm023e01\" class=\"section-gm023e01 gutentor-col-wrap\">\n<div id=\"section-g2a6b15\" class=\"wp-block-gutentor-e1 section-g2a6b15 gutentor-element gutentor-element-advanced-text\"><div class=\"gutentor-text-wrap\"><p class=\"gutentor-text\">Wykonawca<\/p><\/div><\/div>\n<\/div><\/div>\n\n\n\n<div id=\"col-gm1a04b4\" class=\"wp-block-gutentor-m4-col col-gm1a04b4 gutentor-single-column  grid-lg-10 grid-md-12 grid-12\"><div id=\"section-gm1a04b4\" class=\"section-gm1a04b4 gutentor-col-wrap\"><\/div><\/div>\n<\/div><\/div><\/section>\n\n\n\n<section id=\"gme7a6334\" class=\"wp-block-gutentor-m4 section-gme7a6334 gutentor-module gutentor-advanced-columns\"><div class=\"grid-container\"><div class=\"grid-row\">\n<div id=\"col-gm98997a\" class=\"wp-block-gutentor-m4-col col-gm98997a gutentor-single-column  grid-lg-4 grid-md-12 grid-12\"><div id=\"section-gm98997a\" class=\"section-gm98997a gutentor-col-wrap\">\n<p> <img decoding=\"async\" class=\"wp-image-1804\" style=\"width: 426px\" src=\"https:\/\/a4-s5-stesr.pl\/wp-content\/uploads\/2021\/07\/logo-ivia-scaled.jpg\" alt=\"\"> <\/p>\n<\/div><\/div>\n\n\n\n<div id=\"col-gm624ddc\" class=\"wp-block-gutentor-m4-col col-gm624ddc gutentor-single-column  grid-lg-4 grid-md-12 grid-12\"><div id=\"section-gm624ddc\" class=\"section-gm624ddc gutentor-col-wrap\">\n<p><strong>IVIA Sp. z o.o.<\/strong><br>Al. W. Ro\u017adzie\u0144skiego 91<br>40-203 Katowice<br>tel.: 608 548 630<br>mail: biuro@ivia.pl<br>strona internetowa: <a href=\"http:\/\/www.ivia.pl\" data-type=\"URL\" data-id=\"http:\/\/www.ivia.pl\" target=\"_blank\" rel=\"noreferrer noopener\"><span style=\"color:#ef7900\" class=\"has-inline-color\">ivia.pl<\/span><\/a><\/p>\n<\/div><\/div>\n\n\n\n<div id=\"col-gmfd4762\" class=\"wp-block-gutentor-m4-col col-gmfd4762 gutentor-single-column  grid-lg-4 grid-md-12 grid-12\"><div id=\"section-gmfd4762\" class=\"section-gmfd4762 gutentor-col-wrap\">\n<p><strong>Biuro Czechowice \u2013 Dziedzice<\/strong><br>ul. Kasprowicza 46<br>43-502 Czechowice \u2013 Dziedzice<br>tel.\/fax +48 33 822 46 67<\/p>\n<\/div><\/div>\n<\/div><\/div><\/section>\n","protected":false},"excerpt":{"rendered":"","protected":false},"author":1,"featured_media":0,"parent":0,"menu_order":0,"comment_status":"closed","ping_status":"closed","template":"","meta":{"footnotes":""},"class_list":["post-1030","page","type-page","status-publish","hentry"],"_links":{"self":[{"href":"http:\/\/obwodnicaszczytna.pl\/index.php\/wp-json\/wp\/v2\/pages\/1030","targetHints":{"allow":["GET"]}}],"collection":[{"href":"http:\/\/obwodnicaszczytna.pl\/index.php\/wp-json\/wp\/v2\/pages"}],"about":[{"href":"http:\/\/obwodnicaszczytna.pl\/index.php\/wp-json\/wp\/v2\/types\/page"}],"author":[{"embeddable":true,"href":"http:\/\/obwodnicaszczytna.pl\/index.php\/wp-json\/wp\/v2\/users\/1"}],"replies":[{"embeddable":true,"href":"http:\/\/obwodnicaszczytna.pl\/index.php\/wp-json\/wp\/v2\/comments?post=1030"}],"version-history":[{"count":8,"href":"http:\/\/obwodnicaszczytna.pl\/index.php\/wp-json\/wp\/v2\/pages\/1030\/revisions"}],"predecessor-version":[{"id":2458,"href":"http:\/\/obwodnicaszczytna.pl\/index.php\/wp-json\/wp\/v2\/pages\/1030\/revisions\/2458"}],"wp:attachment":[{"href":"http:\/\/obwodnicaszczytna.pl\/index.php\/wp-json\/wp\/v2\/media?parent=1030"}],"curies":[{"name":"wp","href":"https:\/\/api.w.org\/{rel}","templated":true}]}}